{"id":658,"date":"2023-11-08T16:13:22","date_gmt":"2023-11-08T15:13:22","guid":{"rendered":"https:\/\/sureuskadi.es\/politica-de-privacidad\/"},"modified":"2024-02-22T14:59:05","modified_gmt":"2024-02-22T13:59:05","slug":"pribatutasun-politika","status":"publish","type":"page","link":"https:\/\/sureuskadi.es\/eu\/pribatutasun-politika\/","title":{"rendered":"Pribatutasun politika"},"content":{"rendered":"\n<p><\/p>\n\n\n\n<p>.<\/p>\n\n\n\n<p>.<\/p>\n\n\n\n<p><\/p>\n\n\n\n<p><\/p>\n\n\n\n<h3 class=\"wp-block-heading\">1. <strong><strong>Sarrera<\/strong><\/strong><\/h3>\n\n\n\n<p>Pribatutasun-politika honen xedea da gure web orria bisitatzen duten erabiltzaileei informazioa ematea SERVICIOS AUXILIARES SUREUSKADI, S.L. enpresak tratatzen dituen datu pertsonal guztiei buruz, bai eta interesatuek (datu horien titularrek) dituzten eskubideei buruz eta datuok erabiltzeko moduari buruz ere.<\/p>\n\n\n\n<h3 class=\"wp-block-heading\"><strong><strong>2. Datuen tratamenduaren arduraduna<\/strong><\/strong><\/h3>\n\n\n\n<p>SERVICIOS AUXILIARES SUREUSKADI, S.L. enpresak (aurrerantzean, ENPRESA), datu pertsonalen tratamenduaren arduraduna den aldetik, honako identifikazio- eta harreman-datu hauek ditu:<\/p>\n\n\n\n<ol class=\"wp-block-list\">\n<li><strong>Arduradunaren nortasuna:<\/strong>\u00a0SERVICIOS AUXILIARES SUREUSKADI, S.L.<\/li>\n\n\n\n<li><strong>IFZ\/IFK:<\/strong>\u00a0B20335741<\/li>\n\n\n\n<li><strong>Gipuzkoako Merkataritza Erregistroan inskribatuta dago, SS-553 orria, 1000. liburukia eta 495. folioa. Zuzenketa: ondorengoak Denia etorbidea, 155.<\/strong><\/li>\n\n\n\n<li><strong>Posta elektronikoa:<\/strong>\u00a0info@sureuskadi.es<\/li>\n\n\n\n<li><strong>URL: https:\/\/sureuskadi.es<\/strong><\/li>\n<\/ol>\n\n\n\n<h3 class=\"wp-block-heading\"><strong>3. <strong>Datuen tratamendua<\/strong><\/strong><\/h3>\n\n\n\n<p>ENPRESAK bere datuak modu konfidentzialean eta datuen babesaren arloan aplikatzekoa den legedian ezarritako betekizunen arabera tratatzeko konpromisoa hartzen du, batez ere Europako Parlamentuaren eta Kontseiluaren 2016ko apirilaren 27ko 2016\/679 Erregelamenduan, datu pertsonalen tratamenduari eta datu horien zirkulazioari dagokienez pertsona fisikoak babesteari buruzkoan (DBEO), Datu Pertsonalak Babesteari eta Eskubide Digitalak Bermatzeari buruzko 3\/2018 Lege Organikoan (DBLO) eta hori garatzen duen araudian, bai eta Informazio Gizartearen eta Merkataritza Elektronikoaren Zerbitzuei buruzko uztailaren 11ko 34\/2002 Legean (SSSL) ezarritako betekizunen arabera ere.&nbsp;<br><br>Izaera pertsonaleko datuak leial, zilegi eta garden tratatuko dira interesdunarekin lotuta, eta xede jakin, esplizitu eta legitimoetarako bilduko dira; beraz, ezingo dira helburu horiekin bateraezina den moduan tratatu.&nbsp;<br><br>Interesdun bakoitzarengandik jasotako datuak egokiak, egokiak eta gehiegizkoak izango dira, kasuan kasuko helburuei dagokienez, eta behar den guztietan eguneratuko dira.&nbsp;<br><br>Aplikatzekoa den legeriaren arabera nahitaezkoa den kasuetan, interesdunen adostasuna lortu beharko da haien datuak bildu aurretik.&nbsp;<\/p>\n\n\n\n<h4 class=\"wp-block-heading\"><strong>3.1. <strong>Interesdunen eskubideak<\/strong><\/strong><\/h4>\n\n\n\n<p>Edozein interesdunek edozein unetan ken dezake bere adostasuna, baldin eta baimena bere datuak tratatzeko eman bada. Baimen hori kentzeak ez du inola ere baldintzatzen baimen hori alderdi den kontratuak edo aurretik sortutako harremanak gauzatzea.&nbsp;<br>&nbsp;<br>Merkataritza-komunikazioen kasuan, interesdunek automatikoki kendu ahal izango dute baimena, estekara sartuz edo komunikazio horietako bakoitzean hala ohartarazten duen laukitxoa markatuz, edo appetan edo web-orrietan dagokion formularioa erabiliz.&nbsp;<br>&nbsp;<br>Era berean, interesdunak emandako baimena ezeztatu ahal izango du, bai eta datuak eskuratzeko, zuzentzeko, ezabatzeko, aurkaratzeko, eramangarritasunerako eta mugatzeko eskubideak baliatu ere, eta, oro har, bere datu pertsonalen tratamenduari buruzko gai guztiak kontsultatu ahal izango ditu tratamenduaren arduradunaren aurrean, mezu elektroniko bat bidaliz rgpd@vectalia.es, bere datu pertsonalak eta erabili nahi duen eskubidea adieraziz.&nbsp;<\/p>\n\n\n\n<p>&nbsp;&nbsp;<br>Halaber, erreklamazio bat aurkez dezakezu Datuak Babesteko Espainiako Agentzian, eta, horretarako, beharrezko informazioa duzu helbide honetan: <a href=\"http:\/\/www.agpd.es\/\" target=\"_blank\" rel=\"noreferrer noopener\">http:\/\/www.agpd.es<\/a>.&nbsp;<\/p>\n\n\n\n<h4 class=\"wp-block-heading\"><strong>3.2. Datuak gordetzeko epea<\/strong><\/h4>\n\n\n\n<p>Tratatutako datu pertsonalak biltzeko helburua betetzeko behar den denboran gordeko dira. Helburu hori amaitu ondoren, legez ezarritako epeetan gordeko dira, helburu horretatik eta datuen tratamendutik sor litezkeen erantzukizunei erantzuteko. Denbora horretan, datuak behar bezala blokeatuta egongo dira, eta herri-administrazioen eta epaile eta auzitegien eskura baino ez dira gordeko, erantzukizun horiei erantzuteko. Epe horiek bete ondoren, datuak suntsitu egingo dira.\u00a0<\/p>\n\n\n\n<h4 class=\"wp-block-heading\"><strong>3.3. Helburuak, legitimazioa, hartzaileak eta datuen jatorria<\/strong><\/h4>\n\n\n\n<p>Servicios Auxiliares Sureuskadi SLren ardurapeko datu pertsonalak hainbat iturritatik jasotzen dira, pribatutasun-politika honetan deskribatzen den bezala, ondoren adierazten diren helburuetarako, tratamendu bakoitzerako legezko oinarri bat dagoen heinean.&nbsp;<\/p>\n\n\n\n<p><strong>&#8220;Newsletter&#8221; formularioa.<\/strong>&nbsp;<br>&nbsp;<br>Helburua: Servicios Auxiliares Sureuskadi SLren zerbitzuari buruzko gorabeherei eta informazioari buruzko komunikazioak bidaltzeko harpidetza kudeatzea, interesdunaren kokapen geografikoaren arabera.&nbsp;<br>&nbsp;<br>Legitimazioa: Interesdunaren baimena gure formularioaren bidez informazioa bidaltzean harpidetzean.&nbsp;<br>&nbsp;<br><strong>&#8220;Kontaktua&#8221; formularioa<\/strong>&nbsp;<br>&nbsp;<br>Helburua: Interesatuak taldearen webguneko formularioaren bidez bidaltzen dituen iradokizunak, erreklamazioak eta informazio-eskaerak kudeatzea eta ebaztea.&nbsp;<br>&nbsp;<br>Legitimazioa: Interesdunaren adostasuna.&nbsp;<br>&nbsp;<br><strong>Gogobetetze-inkestak:<\/strong>&nbsp;<br>&nbsp;<br>Helburua: erabiltzaileei gogobetetze-inkestak igortzea, eskainitako zerbitzuak aztertu eta hobetzeko.&nbsp;<br>&nbsp;<br>Legitimazioa: tratamenduaren arduradunaren interes legitimoa.&nbsp;<\/p>\n\n\n\n<h3 class=\"wp-block-heading\"><strong>4. Nabigazio-datuak eta cookie-politika.<\/strong><\/h3>\n\n\n\n<p>www.sureuskadi.es webgunea modu anonimoan bisitatzen da. Erabiltzailea kudeaketa edo izapide espezifikoa duen webguneko zerbitzuren batera sartzen bada bakarrik eman beharko ditu eskatutako zerbitzua emateko ezinbestekoak diren datu pertsonalak.&nbsp;<br><br>Cookieei buruzko informazio gehiago nahi izanez gero, bisitatu gure &#8220;Cookie politika&#8221;&nbsp;<br><br>Web atariak hirugarrenen webguneetarako estekak ditu, eta horien pribatutasun-politikak ez dira hirugarrenenak. Webgune horietara sartzean, zure pribatutasun- eta cookie-politikak onartzen dituzun erabaki dezakezu. Oro har, Interneten nabigatzen baduzu, hirugarrenen cookieak onartu edo baztertu ditzakezu zure nabigatzailearen konfigurazio-aukeretatik.&nbsp;<\/p>\n\n\n\n<h3 class=\"wp-block-heading\"><strong>5. <strong>Adingabeak.<\/strong><\/strong><\/h3>\n\n\n\n<p>14 urtetik gorakoen datuen tratamendua baino ez da aurreikusten. Adin horretatik beherakoak ez dira erregistratu beharko, ezta webgune honetan eskainitako zerbitzuak erabili ere.<\/p>\n\n\n\n<h3 class=\"wp-block-heading\"><strong>6. Erabiltzaileak emandako datuak<\/strong><\/h3>\n\n\n\n<p>Inprimakietan eskatutako datu pertsonalak beharrezkoak dira zure eskabideak kudeatzeko eta\/edo kontratazioaren xede diren zerbitzuak emateko. Pribatutasun-politika hau onartzen ez bada, zerbitzu horiek ezin izango dira eman.&nbsp;<br><br>Erabiltzaileak tratamenduaren arduradunari jakinarazi beharko dio bere datu pertsonaletan izandako edozein aldaketa. SERVICIOS AUXILIARES SUREUSKADI, S.L.k ez du bere gain hartuko interesdunak behar bezala jakinarazi ez dituen datuen tratamenduaren ondorioz gertatu diren akatsen erantzukizuna.&nbsp;<br><br>Interesdunak emandako datuak zuzentzat joko dira. Beraz, datu horiek okerrak badira, ENPRESAK uko egiten dio bere eskaerak edo alderdi den kontratua behar bezala ez betetzeagatik edo ez betetzeagatik izan dezakeen erantzukizunari.&nbsp;<br><br>Gainera, interesdunak emandako datuen egiazkotasunaz erantzuten du. ENPRESAK BERETZAT GORDETZEN DU datu faltsuak eman dituen interesdun oro eskaintzen dituen zerbitzuetatik kanpo uzteko eskubidea, Zuzenbidean bidezkoak diren gainerako ekintzei kalterik egin gabe.&nbsp;<br><br>Ez gara gure web orrian eskuragarri dauden esteken bidez hirugarrenei eman diezazkiekeen datu pertsonalen pribatutasun-politikaren erantzule egiten.&nbsp;<\/p>\n\n\n\n<h3 class=\"wp-block-heading\"><strong>7. Datuen komunikazioak.<\/strong><\/h3>\n\n\n\n<p>Servicios Auxiliares Sureuskadi SL Grupo Vectaliako kide da. Erabiltzailearen datu pertsonalak Vectalia Taldeko beste enpresa batzuei jakinarazi ahal izango zaizkie, eskainitako zerbitzuak ematen laguntzeko eta eskaerak eta gorabeherak kudeatzeko helburu bakarrarekin.&nbsp;<br><br>Legeak aurreikusitako kasuetan, datuak jakinarazi ahal izango zaizkie agintari edo administrazio publikoei, segurtasun-indar eta -kidegoei eta agintari judizialei.&nbsp;<br><br>Ez da aurreikusten datuen nazioarteko transferentziarik.&nbsp;<\/p>\n\n\n\n<h3 class=\"wp-block-heading\"><strong>8. Datu-kategoria bereziak<\/strong><\/h3>\n\n\n\n<p>Ez da aurreikusten bereziki babestutako datu pertsonalak tratatzea, hala nola arraza, jatorri etnikoa, iritzi politikoak, sinesmen edo sinesmen erlijioso edo filosofikoak, afiliazio sindikala, datu genetikoak, datu biometrikoak, osasun fisiko edo mentalari buruzko datuak, pertsona fisiko baten sexu-bizitzari edo sexu-orientazioei buruzko datuak, kondenei edo arau-hauste penalei buruzko datuak.&nbsp;<br><br>Erantzuleak ez du, inola ere, informazio hori eskatuko datu horien titularraren berariazko baimenik gabe (betiere adierazpen baten bidez, eta baiezko ekintza argi baten bidez), informazio hori biltzeko eta erabiltzeko, eta, aldez aurretik eta zalantzarik gabe, informazio hori biltzeko eta tratatzeko helburua jakinaraziko dio arduradunari.&nbsp;<br><br>Servicios Auxiliares Sureuskadi SL-k informazio hori eskatu ez badu, eta erabiltzaileak bere borondatez jakinarazten badio erakunde horri, jakinarazpen hori erabiltzailearen egintza esplizitua izango da, eta horrek berekin dakar erabiltzaileak berariazko baimena ematea Servicios Auxiliares Sureuskadi SLk bere datuen tratamenduari dagokionez.&nbsp;<\/p>\n\n\n\n<h3 class=\"wp-block-heading\"><strong>9. Pribatutasun-politika aldatzea<\/strong>.\u00a0<\/h3>\n\n\n\n<p>No se prev\u00e9 el tratamiento de datos de car\u00e1cter personal especialmente protegidos, tales como aquellos que revelen la raza, el origen \u00e9tnico, las opiniones pol\u00edticas, las convicciones o creencias religiosas o filos\u00f3ficas, la afiliaci\u00f3n sindical, datos gen\u00e9ticos, datos biom\u00e9tricos, datos relativos a la salud f\u00edsica o mental, datos relativos a la vida sexual o las orientaciones sexuales de una persona f\u00edsica, datos relativos a condenas o infracciones penales.<\/p>\n\n\n\n<p>En ning\u00fan caso se requerir\u00e1 por parte del responsable esta informaci\u00f3n sin el consentimiento expreso del titular de esos datos (ya sea mediante una declaraci\u00f3n o una clara acci\u00f3n afirmativa), para recabar y utilizar esa informaci\u00f3n comunicando al mismo, previa e inequ\u00edvocamente, la finalidad de la recogida y tratamiento de dicha informaci\u00f3n.<\/p>\n\n\n\n<p>En caso de que, sin haber sido solicitada por Servicios Auxiliares Sureuskadi, S.L., dicha informaci\u00f3n sea comunicada voluntariamente por el usuario a la citada entidad, dicha comunicaci\u00f3n supondr\u00e1 un acto expl\u00edcito del usuario que implica la existencia de una manifestaci\u00f3n de consentimiento expreso por el usuario respecto del tratamiento de sus datos por Servicios Auxiliares Sureuskadi, S.L..<\/p>\n\n\n\n<h3 class=\"wp-block-heading\"><strong>10. Pribatutasun Politika aldatzea.<\/strong><\/h3>\n\n\n\n<p>Pribatutasun-politika hau alda daiteke legegintzako edo autoerregulazio-baldintzen arabera, beraz, gure webguneko erabiltzaileei gomendatzen zaie aldian-aldian bisitatzea eta, nolanahi ere, beren datuak emango dizkiguten bakoitzean (2024ko urtarrilaren 17a)<\/p>\n","protected":false},"excerpt":{"rendered":"<p>. . 1. Sarrera Pribatutasun-politika honen xedea da gure web orria bisitatzen duten erabiltzaileei informazioa ematea SERVICIOS AUXILIARES SUREUSKADI, S.L. enpresak tratatzen dituen datu pertsonal guztiei<span class=\"excerpt-hellip\"> [\u2026]<\/span><\/p>\n","protected":false},"author":1,"featured_media":338,"parent":0,"menu_order":0,"comment_status":"closed","ping_status":"closed","template":"","meta":{"_joinchat":[],"footnotes":""},"class_list":["post-658","page","type-page","status-publish","has-post-thumbnail","hentry"],"yoast_head":"<!-- This site is optimized with the Yoast SEO plugin v25.8 - https:\/\/yoast.com\/wordpress\/plugins\/seo\/ -->\n<title>Pribatutasun politika - sureuskadi<\/title>\n<meta name=\"description\" content=\"Ikusi gure pribatutasun politika eta zure datuak nola zainditzen ditugun. Zure fidantza gure lehentasuna da.\" \/>\n<meta name=\"robots\" content=\"index, follow, max-snippet:-1, max-image-preview:large, max-video-preview:-1\" \/>\n<link rel=\"canonical\" href=\"https:\/\/sureuskadi.es\/eu\/pribatutasun-politika\/\" \/>\n<meta property=\"og:locale\" content=\"eu_ES\" \/>\n<meta property=\"og:type\" content=\"article\" \/>\n<meta property=\"og:title\" content=\"Pribatutasun politika - sureuskadi\" \/>\n<meta property=\"og:description\" content=\"Ikusi gure pribatutasun politika eta zure datuak nola zainditzen ditugun. Zure fidantza gure lehentasuna da.\" \/>\n<meta property=\"og:url\" content=\"https:\/\/sureuskadi.es\/eu\/pribatutasun-politika\/\" \/>\n<meta property=\"og:site_name\" content=\"sureuskadi\" \/>\n<meta property=\"article:publisher\" content=\"https:\/\/www.facebook.com\/sureuskadi\" \/>\n<meta property=\"article:modified_time\" content=\"2024-02-22T13:59:05+00:00\" \/>\n<meta property=\"og:image\" content=\"https:\/\/sureuskadi.es\/wp-content\/uploads\/2023\/11\/logohome.png\" \/>\n\t<meta property=\"og:image:width\" content=\"241\" \/>\n\t<meta property=\"og:image:height\" content=\"150\" \/>\n\t<meta property=\"og:image:type\" content=\"image\/png\" \/>\n<meta name=\"twitter:card\" content=\"summary_large_image\" \/>\n<meta name=\"twitter:site\" content=\"@Sureuskadi\" \/>\n<meta name=\"twitter:label1\" content=\"Est. reading time\" \/>\n\t<meta name=\"twitter:data1\" content=\"6 minutes\" \/>\n<script type=\"application\/ld+json\" class=\"yoast-schema-graph\">{\"@context\":\"https:\/\/schema.org\",\"@graph\":[{\"@type\":\"WebPage\",\"@id\":\"https:\/\/sureuskadi.es\/eu\/pribatutasun-politika\/\",\"url\":\"https:\/\/sureuskadi.es\/eu\/pribatutasun-politika\/\",\"name\":\"Pribatutasun politika - sureuskadi\",\"isPartOf\":{\"@id\":\"https:\/\/sureuskadi.es\/eu\/#website\"},\"primaryImageOfPage\":{\"@id\":\"https:\/\/sureuskadi.es\/eu\/pribatutasun-politika\/#primaryimage\"},\"image\":{\"@id\":\"https:\/\/sureuskadi.es\/eu\/pribatutasun-politika\/#primaryimage\"},\"thumbnailUrl\":\"https:\/\/sureuskadi.es\/wp-content\/uploads\/2023\/11\/logohome.png\",\"datePublished\":\"2023-11-08T15:13:22+00:00\",\"dateModified\":\"2024-02-22T13:59:05+00:00\",\"description\":\"Ikusi gure pribatutasun politika eta zure datuak nola zainditzen ditugun. Zure fidantza gure lehentasuna da.\",\"breadcrumb\":{\"@id\":\"https:\/\/sureuskadi.es\/eu\/pribatutasun-politika\/#breadcrumb\"},\"inLanguage\":\"eu-ES\",\"potentialAction\":[{\"@type\":\"ReadAction\",\"target\":[\"https:\/\/sureuskadi.es\/eu\/pribatutasun-politika\/\"]}]},{\"@type\":\"ImageObject\",\"inLanguage\":\"eu-ES\",\"@id\":\"https:\/\/sureuskadi.es\/eu\/pribatutasun-politika\/#primaryimage\",\"url\":\"https:\/\/sureuskadi.es\/wp-content\/uploads\/2023\/11\/logohome.png\",\"contentUrl\":\"https:\/\/sureuskadi.es\/wp-content\/uploads\/2023\/11\/logohome.png\",\"width\":241,\"height\":150},{\"@type\":\"BreadcrumbList\",\"@id\":\"https:\/\/sureuskadi.es\/eu\/pribatutasun-politika\/#breadcrumb\",\"itemListElement\":[{\"@type\":\"ListItem\",\"position\":1,\"name\":\"Portada\",\"item\":\"https:\/\/sureuskadi.es\/eu\/\"},{\"@type\":\"ListItem\",\"position\":2,\"name\":\"Pribatutasun politika\"}]},{\"@type\":\"WebSite\",\"@id\":\"https:\/\/sureuskadi.es\/eu\/#website\",\"url\":\"https:\/\/sureuskadi.es\/eu\/\",\"name\":\"sureuskadi.es\",\"description\":\"lo nuestro es personal\",\"publisher\":{\"@id\":\"https:\/\/sureuskadi.es\/eu\/#organization\"},\"potentialAction\":[{\"@type\":\"SearchAction\",\"target\":{\"@type\":\"EntryPoint\",\"urlTemplate\":\"https:\/\/sureuskadi.es\/eu\/?s={search_term_string}\"},\"query-input\":{\"@type\":\"PropertyValueSpecification\",\"valueRequired\":true,\"valueName\":\"search_term_string\"}}],\"inLanguage\":\"eu-ES\"},{\"@type\":\"Organization\",\"@id\":\"https:\/\/sureuskadi.es\/eu\/#organization\",\"name\":\"sureuskadi\",\"url\":\"https:\/\/sureuskadi.es\/eu\/\",\"logo\":{\"@type\":\"ImageObject\",\"inLanguage\":\"eu-ES\",\"@id\":\"https:\/\/sureuskadi.es\/eu\/#\/schema\/logo\/image\/\",\"url\":\"https:\/\/sureuskadi.es\/wp-content\/uploads\/2024\/02\/Sureuskadi-modificado-01.svg\",\"contentUrl\":\"https:\/\/sureuskadi.es\/wp-content\/uploads\/2024\/02\/Sureuskadi-modificado-01.svg\",\"caption\":\"sureuskadi\"},\"image\":{\"@id\":\"https:\/\/sureuskadi.es\/eu\/#\/schema\/logo\/image\/\"},\"sameAs\":[\"https:\/\/www.facebook.com\/sureuskadi\",\"https:\/\/x.com\/Sureuskadi\",\"https:\/\/www.instagram.com\/sureuskadi\/\",\"https:\/\/www.linkedin.com\/company\/servicios-auxiliares-sureuskadi\/\"]}]}<\/script>\n<!-- \/ Yoast SEO plugin. -->","yoast_head_json":{"title":"Pribatutasun politika - sureuskadi","description":"Ikusi gure pribatutasun politika eta zure datuak nola zainditzen ditugun. Zure fidantza gure lehentasuna da.","robots":{"index":"index","follow":"follow","max-snippet":"max-snippet:-1","max-image-preview":"max-image-preview:large","max-video-preview":"max-video-preview:-1"},"canonical":"https:\/\/sureuskadi.es\/eu\/pribatutasun-politika\/","og_locale":"eu_ES","og_type":"article","og_title":"Pribatutasun politika - sureuskadi","og_description":"Ikusi gure pribatutasun politika eta zure datuak nola zainditzen ditugun. Zure fidantza gure lehentasuna da.","og_url":"https:\/\/sureuskadi.es\/eu\/pribatutasun-politika\/","og_site_name":"sureuskadi","article_publisher":"https:\/\/www.facebook.com\/sureuskadi","article_modified_time":"2024-02-22T13:59:05+00:00","og_image":[{"width":241,"height":150,"url":"https:\/\/sureuskadi.es\/wp-content\/uploads\/2023\/11\/logohome.png","type":"image\/png"}],"twitter_card":"summary_large_image","twitter_site":"@Sureuskadi","twitter_misc":{"Est. reading time":"6 minutes"},"schema":{"@context":"https:\/\/schema.org","@graph":[{"@type":"WebPage","@id":"https:\/\/sureuskadi.es\/eu\/pribatutasun-politika\/","url":"https:\/\/sureuskadi.es\/eu\/pribatutasun-politika\/","name":"Pribatutasun politika - sureuskadi","isPartOf":{"@id":"https:\/\/sureuskadi.es\/eu\/#website"},"primaryImageOfPage":{"@id":"https:\/\/sureuskadi.es\/eu\/pribatutasun-politika\/#primaryimage"},"image":{"@id":"https:\/\/sureuskadi.es\/eu\/pribatutasun-politika\/#primaryimage"},"thumbnailUrl":"https:\/\/sureuskadi.es\/wp-content\/uploads\/2023\/11\/logohome.png","datePublished":"2023-11-08T15:13:22+00:00","dateModified":"2024-02-22T13:59:05+00:00","description":"Ikusi gure pribatutasun politika eta zure datuak nola zainditzen ditugun. Zure fidantza gure lehentasuna da.","breadcrumb":{"@id":"https:\/\/sureuskadi.es\/eu\/pribatutasun-politika\/#breadcrumb"},"inLanguage":"eu-ES","potentialAction":[{"@type":"ReadAction","target":["https:\/\/sureuskadi.es\/eu\/pribatutasun-politika\/"]}]},{"@type":"ImageObject","inLanguage":"eu-ES","@id":"https:\/\/sureuskadi.es\/eu\/pribatutasun-politika\/#primaryimage","url":"https:\/\/sureuskadi.es\/wp-content\/uploads\/2023\/11\/logohome.png","contentUrl":"https:\/\/sureuskadi.es\/wp-content\/uploads\/2023\/11\/logohome.png","width":241,"height":150},{"@type":"BreadcrumbList","@id":"https:\/\/sureuskadi.es\/eu\/pribatutasun-politika\/#breadcrumb","itemListElement":[{"@type":"ListItem","position":1,"name":"Portada","item":"https:\/\/sureuskadi.es\/eu\/"},{"@type":"ListItem","position":2,"name":"Pribatutasun politika"}]},{"@type":"WebSite","@id":"https:\/\/sureuskadi.es\/eu\/#website","url":"https:\/\/sureuskadi.es\/eu\/","name":"sureuskadi.es","description":"lo nuestro es personal","publisher":{"@id":"https:\/\/sureuskadi.es\/eu\/#organization"},"potentialAction":[{"@type":"SearchAction","target":{"@type":"EntryPoint","urlTemplate":"https:\/\/sureuskadi.es\/eu\/?s={search_term_string}"},"query-input":{"@type":"PropertyValueSpecification","valueRequired":true,"valueName":"search_term_string"}}],"inLanguage":"eu-ES"},{"@type":"Organization","@id":"https:\/\/sureuskadi.es\/eu\/#organization","name":"sureuskadi","url":"https:\/\/sureuskadi.es\/eu\/","logo":{"@type":"ImageObject","inLanguage":"eu-ES","@id":"https:\/\/sureuskadi.es\/eu\/#\/schema\/logo\/image\/","url":"https:\/\/sureuskadi.es\/wp-content\/uploads\/2024\/02\/Sureuskadi-modificado-01.svg","contentUrl":"https:\/\/sureuskadi.es\/wp-content\/uploads\/2024\/02\/Sureuskadi-modificado-01.svg","caption":"sureuskadi"},"image":{"@id":"https:\/\/sureuskadi.es\/eu\/#\/schema\/logo\/image\/"},"sameAs":["https:\/\/www.facebook.com\/sureuskadi","https:\/\/x.com\/Sureuskadi","https:\/\/www.instagram.com\/sureuskadi\/","https:\/\/www.linkedin.com\/company\/servicios-auxiliares-sureuskadi\/"]}]}},"_links":{"self":[{"href":"https:\/\/sureuskadi.es\/eu\/wp-json\/wp\/v2\/pages\/658","targetHints":{"allow":["GET"]}}],"collection":[{"href":"https:\/\/sureuskadi.es\/eu\/wp-json\/wp\/v2\/pages"}],"about":[{"href":"https:\/\/sureuskadi.es\/eu\/wp-json\/wp\/v2\/types\/page"}],"author":[{"embeddable":true,"href":"https:\/\/sureuskadi.es\/eu\/wp-json\/wp\/v2\/users\/1"}],"replies":[{"embeddable":true,"href":"https:\/\/sureuskadi.es\/eu\/wp-json\/wp\/v2\/comments?post=658"}],"version-history":[{"count":2,"href":"https:\/\/sureuskadi.es\/eu\/wp-json\/wp\/v2\/pages\/658\/revisions"}],"predecessor-version":[{"id":1354,"href":"https:\/\/sureuskadi.es\/eu\/wp-json\/wp\/v2\/pages\/658\/revisions\/1354"}],"wp:featuredmedia":[{"embeddable":true,"href":"https:\/\/sureuskadi.es\/eu\/wp-json\/wp\/v2\/media\/338"}],"wp:attachment":[{"href":"https:\/\/sureuskadi.es\/eu\/wp-json\/wp\/v2\/media?parent=658"}],"curies":[{"name":"wp","href":"https:\/\/api.w.org\/{rel}","templated":true}]}}